{"id":288,"date":"2018-05-21T10:18:09","date_gmt":"2018-05-21T10:18:09","guid":{"rendered":"http:\/\/ews.digitalkey.hu\/?page_id=288"},"modified":"2021-10-25T08:31:25","modified_gmt":"2021-10-25T08:31:25","slug":"bemutatkozas","status":"publish","type":"page","link":"https:\/\/service-coop.hu\/index.php\/bemutatkozas\/","title":{"rendered":"Bemutatkoz\u00e1s"},"content":{"rendered":"<div id=\"pl-288\"  class=\"panel-layout\" ><div id=\"pg-288-0\"  class=\"panel-grid panel-has-style\" ><div style=\"padding: 0px 0; \" data-overlay=\"true\" data-overlay-color=\"#000000\" class=\"panel-row-style panel-row-style-for-288-0\" ><div id=\"pgc-288-0-0\"  class=\"panel-grid-cell\" ><div id=\"panel-288-0-0-0\" class=\"so-panel widget widget_sydney_services_type_a sydney_services_widget panel-first-child panel-last-child\" data-index=\"0\" ><div style=\"text-align: left;\" data-title-color=\"#443f3f\" data-headings-color=\"#443f3f\" class=\"panel-widget-style panel-widget-style-for-288-0-0-0\" >\t\t\t\r\n\t\t\t\t\t\t\t\t\t\t\t\t\t\t\t\t\t\t\t\t\t\t\t\t\t\t\t\t\t<div class=\"service col-md-4\">\r\n\t\t\t\t\t\t\t\t\t\t\t\t\t<div class=\"roll-icon-box\">\r\n\t\t\t\t\t\t\t\t\t\t\t\t\t\t\t\t\t<div class=\"service-thumb\">\r\n\t\t\t\t\t\t\t\t\t\t\t\t\t\t\t\t\t\t\t\t\t<img width=\"350\" height=\"233\" src=\"https:\/\/service-coop.hu\/wp-content\/uploads\/2018\/06\/thumbs-up-2056022-350x233.jpg\" class=\"attachment-sydney-service-thumb size-sydney-service-thumb wp-post-image\" alt=\"OK\" loading=\"lazy\" srcset=\"https:\/\/service-coop.hu\/wp-content\/uploads\/2018\/06\/thumbs-up-2056022-350x233.jpg 350w, https:\/\/service-coop.hu\/wp-content\/uploads\/2018\/06\/thumbs-up-2056022-300x200.jpg 300w, https:\/\/service-coop.hu\/wp-content\/uploads\/2018\/06\/thumbs-up-2056022-768x512.jpg 768w, https:\/\/service-coop.hu\/wp-content\/uploads\/2018\/06\/thumbs-up-2056022-1024x682.jpg 1024w, https:\/\/service-coop.hu\/wp-content\/uploads\/2018\/06\/thumbs-up-2056022-830x553.jpg 830w, https:\/\/service-coop.hu\/wp-content\/uploads\/2018\/06\/thumbs-up-2056022-230x153.jpg 230w, https:\/\/service-coop.hu\/wp-content\/uploads\/2018\/06\/thumbs-up-2056022-480x320.jpg 480w, https:\/\/service-coop.hu\/wp-content\/uploads\/2018\/06\/thumbs-up-2056022-272x182.jpg 272w, https:\/\/service-coop.hu\/wp-content\/uploads\/2018\/06\/thumbs-up-2056022-e1547327137266.jpg 400w\" sizes=\"(max-width: 350px) 100vw, 350px\" \/>\t\t\t\t\t\t\t\t\t\t\t\t\t\t\t\t\t\t\t<\/div>\r\n\t\t\t\t\t\t\t\t\t\t\t\t\t\t\t\t<div class=\"content\">\r\n\t\t\t\t\t\t\t\t\t<h3>\r\n\t\t\t\t\t\t\t\t\t\t\t\t\t\t\t\t\t\t\t\t\tMin\u0151s\u00e9gbiztos\u00edt\u00e1s\t\t\t\t\t\t\t\t\t\t\t\t\t\t\t\t\t\t\t<\/h3>\r\n\t\t\t\t\t\t\t\t\t\t\t\t\t\t\t\t\t\r\n\t\t\t\t\t\t\t\t\t\t<p style=\"text-align: center;\"><span style=\"font-size: 14pt;\"><strong>Min\u0151s\u00e9gbiztos\u00edt\u00e1s<\/strong><\/span><\/p>\n<p style=\"text-align: justify;\"><span style=\"font-family: verdana,geneva,sans-serif;\">&#8211; Szervizpartnerek rendszeres l\u00e1togat\u00e1sa<\/span><\/p>\n<p style=\"text-align: justify;\"><span style=\"font-family: verdana,geneva,sans-serif;\">&#8211; Szervizpartnerek r\u00e9sz\u00e9re el\u0151\u00edrjuk, hogy a kicser\u00e9lt alkatr\u00e9szeket 15-45 napig \u0151rizz\u00e9k meg, azokat sz\u00fcks\u00e9g szerint begy\u0171jtj\u00fck<\/span><\/p>\n<p style=\"text-align: justify;\"><span style=\"font-family: verdana,geneva,sans-serif;\">&#8211; Munkalapok ellen\u0151rz\u00e9se<\/span><\/p>\n<p style=\"text-align: justify;\"><span style=\"font-family: verdana,geneva,sans-serif;\"> <a href=\"https:\/\/service-coop.hu\/index.php\/services\/minosegbiztositas\/#more-479\" class=\"more-link\"><span aria-label=\"B\u0151vebben: Min\u0151s\u00e9gbiztos\u00edt\u00e1s\">(tov\u00e1bb&hellip;)<\/span><\/a><\/span><\/p>\n\t\t\t\t\t\t\t\t\t\t\t\t\t\t\t\t\t<\/div><!--.info-->\t\r\n\t\t\t\t\t\t\t<\/div>\r\n\t\t\t\t\t\t<\/div>\r\n\t\t\t\t\t\t\t\t\t\t\t\t\t\t\t\t\t\t\t\t\t\t\t\t\t\t\t\t\t<div class=\"service col-md-4\">\r\n\t\t\t\t\t\t\t\t\t\t\t\t\t<div class=\"roll-icon-box\">\r\n\t\t\t\t\t\t\t\t\t\t\t\t\t\t\t\t\t<div class=\"service-thumb\">\r\n\t\t\t\t\t\t\t\t\t\t\t\t\t\t\t\t\t\t\t\t\t<img width=\"350\" height=\"233\" src=\"https:\/\/service-coop.hu\/wp-content\/uploads\/2018\/06\/entrepreneur-1340649-350x233.jpg\" class=\"attachment-sydney-service-thumb size-sydney-service-thumb wp-post-image\" alt=\"\" loading=\"lazy\" srcset=\"https:\/\/service-coop.hu\/wp-content\/uploads\/2018\/06\/entrepreneur-1340649-350x233.jpg 350w, https:\/\/service-coop.hu\/wp-content\/uploads\/2018\/06\/entrepreneur-1340649-300x200.jpg 300w, https:\/\/service-coop.hu\/wp-content\/uploads\/2018\/06\/entrepreneur-1340649-768x512.jpg 768w, https:\/\/service-coop.hu\/wp-content\/uploads\/2018\/06\/entrepreneur-1340649-1024x682.jpg 1024w, https:\/\/service-coop.hu\/wp-content\/uploads\/2018\/06\/entrepreneur-1340649-830x553.jpg 830w, https:\/\/service-coop.hu\/wp-content\/uploads\/2018\/06\/entrepreneur-1340649-230x153.jpg 230w, https:\/\/service-coop.hu\/wp-content\/uploads\/2018\/06\/entrepreneur-1340649-480x320.jpg 480w, https:\/\/service-coop.hu\/wp-content\/uploads\/2018\/06\/entrepreneur-1340649-272x182.jpg 272w\" sizes=\"(max-width: 350px) 100vw, 350px\" \/>\t\t\t\t\t\t\t\t\t\t\t\t\t\t\t\t\t\t\t<\/div>\r\n\t\t\t\t\t\t\t\t\t\t\t\t\t\t\t\t<div class=\"content\">\r\n\t\t\t\t\t\t\t\t\t<h3>\r\n\t\t\t\t\t\t\t\t\t\t\t\t\t\t\t\t\t\t\t\t\tM\u0171szaki kompetencia\t\t\t\t\t\t\t\t\t\t\t\t\t\t\t\t\t\t\t<\/h3>\r\n\t\t\t\t\t\t\t\t\t\t\t\t\t\t\t\t\t\r\n\t\t\t\t\t\t\t\t\t\t<p style=\"text-align: center;\"><span style=\"font-family: verdana,geneva,sans-serif;\"><strong>M\u0171szaki kompetencia<\/strong><\/span><\/p>\n<p><span style=\"font-family: verdana,geneva,sans-serif;\">Szervizpartnereink \u00e9s szerel\u0151 koll\u00e9g\u00e1ink rendelkeznek a jav\u00edt\u00f3-szolg\u00e1ltat\u00f3 tev\u00e9kenys\u00e9g ell\u00e1t\u00e1s\u00e1hoz sz\u00fcks\u00e9ges megfelel\u0151 k\u00e9pes\u00edt\u00e9ssel, v\u00e9gzetts\u00e9ggel, tapasztalattal, g\u00e9pj\u00e1rm\u0171vel, m\u0171szerezetts\u00e9ggel \u00e9s szersz\u00e1mozotts\u00e1ggal. <a href=\"https:\/\/service-coop.hu\/index.php\/services\/muszaki-kompetencia\/#more-476\" class=\"more-link\"><span aria-label=\"B\u0151vebben: M\u0171szaki kompetencia\">(tov\u00e1bb&hellip;)<\/span><\/a><\/span><\/p>\n\t\t\t\t\t\t\t\t\t\t\t\t\t\t\t\t\t<\/div><!--.info-->\t\r\n\t\t\t\t\t\t\t<\/div>\r\n\t\t\t\t\t\t<\/div>\r\n\t\t\t\t\t\t\t\t\t\t\t\t\t\t\t\t\t\t\t\t\t\t\t\t\t\t\t\t\t<div class=\"service col-md-4\">\r\n\t\t\t\t\t\t\t\t\t\t\t\t\t<div class=\"roll-icon-box\">\r\n\t\t\t\t\t\t\t\t\t\t\t\t\t\t\t\t\t<div class=\"service-thumb\">\r\n\t\t\t\t\t\t\t\t\t\t\t\t\t\t\t\t\t\t\t\t\t<img width=\"350\" height=\"233\" src=\"https:\/\/service-coop.hu\/wp-content\/uploads\/2018\/05\/pexels-photo-862731-350x233.jpeg\" class=\"attachment-sydney-service-thumb size-sydney-service-thumb wp-post-image\" alt=\"\" loading=\"lazy\" srcset=\"https:\/\/service-coop.hu\/wp-content\/uploads\/2018\/05\/pexels-photo-862731-350x233.jpeg 350w, https:\/\/service-coop.hu\/wp-content\/uploads\/2018\/05\/pexels-photo-862731-300x200.jpeg 300w, https:\/\/service-coop.hu\/wp-content\/uploads\/2018\/05\/pexels-photo-862731-768x512.jpeg 768w, https:\/\/service-coop.hu\/wp-content\/uploads\/2018\/05\/pexels-photo-862731-1024x683.jpeg 1024w, https:\/\/service-coop.hu\/wp-content\/uploads\/2018\/05\/pexels-photo-862731-830x553.jpeg 830w, https:\/\/service-coop.hu\/wp-content\/uploads\/2018\/05\/pexels-photo-862731-230x153.jpeg 230w, https:\/\/service-coop.hu\/wp-content\/uploads\/2018\/05\/pexels-photo-862731-480x320.jpeg 480w, https:\/\/service-coop.hu\/wp-content\/uploads\/2018\/05\/pexels-photo-862731-272x182.jpeg 272w\" sizes=\"(max-width: 350px) 100vw, 350px\" \/>\t\t\t\t\t\t\t\t\t\t\t\t\t\t\t\t\t\t\t<\/div>\r\n\t\t\t\t\t\t\t\t\t\t\t\t\t\t\t\t<div class=\"content\">\r\n\t\t\t\t\t\t\t\t\t<h3>\r\n\t\t\t\t\t\t\t\t\t\t\t\t\t\t\t\t\t\t\t\t\tJav\u00edt\u00e1si hat\u00e1rid\u0151 \u00e9s alkatr\u00e9sz ell\u00e1t\u00e1s\t\t\t\t\t\t\t\t\t\t\t\t\t\t\t\t\t\t\t<\/h3>\r\n\t\t\t\t\t\t\t\t\t\t\t\t\t\t\t\t\t\r\n\t\t\t\t\t\t\t\t\t\t<p style=\"text-align: center;\"><span style=\"font-size: 12pt;\"><strong><span style=\"font-family: verdana, geneva, sans-serif;\">Jav\u00edt\u00e1si hat\u00e1rid\u0151 \u00e9s alkatr\u00e9sz ell\u00e1t\u00e1s<\/span><\/strong><\/span><\/p>\n<p><span style=\"font-family: verdana,geneva,sans-serif;\">Magyarorsz\u00e1gon \u00e9s Eur\u00f3p\u00e1ban az elfogadott \u00e9s viszonylag j\u00f3l tarthat\u00f3 jav\u00edt\u00e1si hat\u00e1rid\u0151 10 \u00e9s 30 nap k\u00f6z\u00f6tt van, alkatr\u00e9sz sz\u00e1ll\u00edt\u00e1si hat\u00e1rid\u0151t\u0151l f\u00fcgg\u0151en. Magyarorsz\u00e1gon nem ritka a 30 napot meghalad\u00f3 jav\u00edt\u00e1s, az\u00e9rt mert nagyon lass\u00fa az alkatr\u00e9sz sz\u00e1ll\u00edt\u00e1s m\u00e9g olyan esetben is amikor a gy\u00e1rt\u00f3 Eur\u00f3p\u00e1ban tal\u00e1lhat\u00f3 \u00e9s ismert m\u00e1rkan\u00e9vr\u0151l van sz\u00f3.<\/span><\/p>\n<p><span style=\"font-family: verdana,geneva,sans-serif;\">Term\u00e9szetesen c\u00e9lunk a megrendelt jav\u00edt\u00e1sok miel\u0151bbi elv\u00e9gz\u00e9se<\/span><\/p>\n\t\t\t\t\t\t\t\t\t\t\t\t\t\t\t\t\t<\/div><!--.info-->\t\r\n\t\t\t\t\t\t\t<\/div>\r\n\t\t\t\t\t\t<\/div>\r\n\t\t\t\t\t\t\t\t\t\t\t\t\t\t\t\t\t\t\t\t\t\t\t\t\t\t\t\t\t<div class=\"service col-md-4\">\r\n\t\t\t\t\t\t\t\t\t\t\t\t\t<div class=\"roll-icon-box\">\r\n\t\t\t\t\t\t\t\t\t\t\t\t\t\t\t\t\t<div class=\"service-thumb\">\r\n\t\t\t\t\t\t\t\t\t\t\t\t\t\t\t\t\t\t\t\t\t<img width=\"350\" height=\"233\" src=\"https:\/\/service-coop.hu\/wp-content\/uploads\/2018\/05\/pexels-photo-1068523-350x233.jpg\" class=\"attachment-sydney-service-thumb size-sydney-service-thumb wp-post-image\" alt=\"\" loading=\"lazy\" srcset=\"https:\/\/service-coop.hu\/wp-content\/uploads\/2018\/05\/pexels-photo-1068523-350x233.jpg 350w, https:\/\/service-coop.hu\/wp-content\/uploads\/2018\/05\/pexels-photo-1068523-300x200.jpg 300w, https:\/\/service-coop.hu\/wp-content\/uploads\/2018\/05\/pexels-photo-1068523-768x512.jpg 768w, https:\/\/service-coop.hu\/wp-content\/uploads\/2018\/05\/pexels-photo-1068523-1024x683.jpg 1024w, https:\/\/service-coop.hu\/wp-content\/uploads\/2018\/05\/pexels-photo-1068523-830x553.jpg 830w, https:\/\/service-coop.hu\/wp-content\/uploads\/2018\/05\/pexels-photo-1068523-230x153.jpg 230w, https:\/\/service-coop.hu\/wp-content\/uploads\/2018\/05\/pexels-photo-1068523-480x320.jpg 480w, https:\/\/service-coop.hu\/wp-content\/uploads\/2018\/05\/pexels-photo-1068523-272x182.jpg 272w\" sizes=\"(max-width: 350px) 100vw, 350px\" \/>\t\t\t\t\t\t\t\t\t\t\t\t\t\t\t\t\t\t\t<\/div>\r\n\t\t\t\t\t\t\t\t\t\t\t\t\t\t\t\t<div class=\"content\">\r\n\t\t\t\t\t\t\t\t\t<h3>\r\n\t\t\t\t\t\t\t\t\t\t\t\t\t\t\t\t\t\t\t\t\tInformatikai rendszer\t\t\t\t\t\t\t\t\t\t\t\t\t\t\t\t\t\t\t<\/h3>\r\n\t\t\t\t\t\t\t\t\t\t\t\t\t\t\t\t\t\r\n\t\t\t\t\t\t\t\t\t\t<p style=\"text-align: center;\"><strong><span style=\"font-family: verdana,geneva,sans-serif;\">Informatikai rendszer<\/span><\/strong><\/p>\n<p><span style=\"font-family: verdana,geneva,sans-serif;\">A bejelent\u00e9sek, reklam\u00e1ci\u00f3k kezel\u00e9s\u00e9re m\u00e1r m\u0171k\u00f6d\u0151 \u00e9s Biztos\u00edt\u00f3 t\u00e1rsas\u00e1gok \u00e1ltal is haszn\u00e1lt online kommunik\u00e1ci\u00f3s fel\u00fcletet tudunk alkalmazni.<\/span><br \/>\n<span style=\"font-family: verdana,geneva,sans-serif;\">A rendszer alkalmas: bejelent\u00e9ssel kapcsolatos adatok r\u00f6gz\u00edt\u00e9s\u00e9re, \u00e1raj\u00e1nlat r\u00f6gz\u00edt\u00e9s\u00e9re, dokument\u00e1ci\u00f3k felt\u00f6lt\u00e9s\u00e9re, a rendszer felhaszn\u00e1l\u00f3nk\u00e9nt d\u00e1tum, \u00f3ra perc szerint r\u00f6gz\u00edti a bejegyz\u00e9seket<\/span><br \/>\n<span style=\"font-family: verdana,geneva,sans-serif;\">Minden felhaszn\u00e1l\u00f3 r\u00e9sz\u00e9re egyedi felhaszn\u00e1l\u00f3i n\u00e9vvel \u00e9s jelsz\u00f3val tud bel\u00e9pni.<\/span><\/p>\n\t\t\t\t\t\t\t\t\t\t\t\t\t\t\t\t\t<\/div><!--.info-->\t\r\n\t\t\t\t\t\t\t<\/div>\r\n\t\t\t\t\t\t<\/div>\r\n\t\t\t\t\t\t\t\t\t\t\t\t\t\t\t\t\t\t\t\t\t\t\t\t\t\t\t\t\t<div class=\"service col-md-4\">\r\n\t\t\t\t\t\t\t\t\t\t\t\t\t<div class=\"roll-icon-box\">\r\n\t\t\t\t\t\t\t\t\t\t\t\t\t\t\t\t\t<div class=\"service-thumb\">\r\n\t\t\t\t\t\t\t\t\t\t\t\t\t\t\t\t\t\t\t\t\t<img width=\"350\" height=\"234\" src=\"https:\/\/service-coop.hu\/wp-content\/uploads\/2018\/05\/collaboration-community-cooperation-872955-350x234.jpg\" class=\"attachment-sydney-service-thumb size-sydney-service-thumb wp-post-image\" alt=\"\" loading=\"lazy\" srcset=\"https:\/\/service-coop.hu\/wp-content\/uploads\/2018\/05\/collaboration-community-cooperation-872955-350x234.jpg 350w, https:\/\/service-coop.hu\/wp-content\/uploads\/2018\/05\/collaboration-community-cooperation-872955-300x200.jpg 300w, https:\/\/service-coop.hu\/wp-content\/uploads\/2018\/05\/collaboration-community-cooperation-872955-768x513.jpg 768w, https:\/\/service-coop.hu\/wp-content\/uploads\/2018\/05\/collaboration-community-cooperation-872955-1024x683.jpg 1024w, https:\/\/service-coop.hu\/wp-content\/uploads\/2018\/05\/collaboration-community-cooperation-872955-830x554.jpg 830w, https:\/\/service-coop.hu\/wp-content\/uploads\/2018\/05\/collaboration-community-cooperation-872955-230x154.jpg 230w, https:\/\/service-coop.hu\/wp-content\/uploads\/2018\/05\/collaboration-community-cooperation-872955-480x320.jpg 480w, https:\/\/service-coop.hu\/wp-content\/uploads\/2018\/05\/collaboration-community-cooperation-872955-272x182.jpg 272w\" sizes=\"(max-width: 350px) 100vw, 350px\" \/>\t\t\t\t\t\t\t\t\t\t\t\t\t\t\t\t\t\t\t<\/div>\r\n\t\t\t\t\t\t\t\t\t\t\t\t\t\t\t\t<div class=\"content\">\r\n\t\t\t\t\t\t\t\t\t<h3>\r\n\t\t\t\t\t\t\t\t\t\t\t\t\t\t\t\t\t\t\t\t\tEr\u0151forr\u00e1s h\u00e1tt\u00e9r\t\t\t\t\t\t\t\t\t\t\t\t\t\t\t\t\t\t\t<\/h3>\r\n\t\t\t\t\t\t\t\t\t\t\t\t\t\t\t\t\t\r\n\t\t\t\t\t\t\t\t\t\t<p style=\"text-align: center;\"><strong><span style=\"font-family: verdana, geneva, sans-serif;\">Er\u0151forr\u00e1s h\u00e1tt\u00e9r<\/span><\/strong><\/p>\n<p><span style=\"font-family: verdana,geneva,sans-serif;\">&#8211; K\u00f6zponti informatikai rendszer szervizekkel \u00e9s partnerekkel val\u00f3 kommunik\u00e1ci\u00f3ra<\/span><\/p>\n<p><span style=\"font-family: verdana,geneva,sans-serif;\">&#8211; Szerviz szint\u0171 \u00e9s k\u00f6zponti alkatr\u00e9sz rakt\u00e1r \u00e9s alkatr\u00e9sz beszerz\u00e9s gy\u00e1rt\u00f3kt\u00f3l, m\u00e1rkak\u00e9pviseletekt\u0151l, m\u00e1rka szervizekt\u0151l, k\u00fclf\u00f6ldi szervizekt\u0151l, magyar \u00e9s k\u00fclf\u00f6ldi alkatr\u00e9sz keresked\u0151kt\u0151l<\/span><\/p>\n<p><span style=\"font-family: verdana,geneva,sans-serif;\">&#8211; Jav\u00edt\u00e1shoz sz\u00fcks\u00e9ges m\u0171szaki h\u00e1tt\u00e9r \u00e9s dokument\u00e1ci\u00f3k biztos\u00edt\u00e1sa<\/span><\/p>\n\t\t\t\t\t\t\t\t\t\t\t\t\t\t\t\t\t<\/div><!--.info-->\t\r\n\t\t\t\t\t\t\t<\/div>\r\n\t\t\t\t\t\t<\/div>\r\n\t\t\t\t\t\t\t\t\t\t\t\t\t\t\t\t\t\t\t\t\t\t\t\t\t\t\t\t\t<div class=\"service col-md-4\">\r\n\t\t\t\t\t\t\t\t\t\t\t\t\t<div class=\"roll-icon-box\">\r\n\t\t\t\t\t\t\t\t\t\t\t\t\t\t\t\t\t<div class=\"service-thumb\">\r\n\t\t\t\t\t\t\t\t\t\t\t\t\t\t\t\t\t\t\t\t\t<img width=\"350\" height=\"233\" src=\"https:\/\/service-coop.hu\/wp-content\/uploads\/2018\/05\/achievement-agreement-business-886465-350x233.jpg\" class=\"attachment-sydney-service-thumb size-sydney-service-thumb wp-post-image\" alt=\"Szerv\u00edzh\u00e1l\u00f3zat\" loading=\"lazy\" srcset=\"https:\/\/service-coop.hu\/wp-content\/uploads\/2018\/05\/achievement-agreement-business-886465-350x233.jpg 350w, https:\/\/service-coop.hu\/wp-content\/uploads\/2018\/05\/achievement-agreement-business-886465-300x200.jpg 300w, https:\/\/service-coop.hu\/wp-content\/uploads\/2018\/05\/achievement-agreement-business-886465-768x512.jpg 768w, https:\/\/service-coop.hu\/wp-content\/uploads\/2018\/05\/achievement-agreement-business-886465-1024x683.jpg 1024w, https:\/\/service-coop.hu\/wp-content\/uploads\/2018\/05\/achievement-agreement-business-886465-830x553.jpg 830w, https:\/\/service-coop.hu\/wp-content\/uploads\/2018\/05\/achievement-agreement-business-886465-230x153.jpg 230w, https:\/\/service-coop.hu\/wp-content\/uploads\/2018\/05\/achievement-agreement-business-886465-480x320.jpg 480w, https:\/\/service-coop.hu\/wp-content\/uploads\/2018\/05\/achievement-agreement-business-886465-272x182.jpg 272w\" sizes=\"(max-width: 350px) 100vw, 350px\" \/>\t\t\t\t\t\t\t\t\t\t\t\t\t\t\t\t\t\t\t<\/div>\r\n\t\t\t\t\t\t\t\t\t\t\t\t\t\t\t\t<div class=\"content\">\r\n\t\t\t\t\t\t\t\t\t<h3>\r\n\t\t\t\t\t\t\t\t\t\t\t\t\t\t\t\t\t\t\t\t\tSzerv\u00edzh\u00e1l\u00f3zat\t\t\t\t\t\t\t\t\t\t\t\t\t\t\t\t\t\t\t<\/h3>\r\n\t\t\t\t\t\t\t\t\t\t\t\t\t\t\t\t\t\r\n\t\t\t\t\t\t\t\t\t\t<p style=\"text-align: center;\"><strong><span style=\"font-family: verdana, geneva, sans-serif;\">Szerv\u00edzh\u00e1l\u00f3zat<\/span><\/strong><\/p>\n<p><span style=\"font-family: verdana,geneva,sans-serif;\">T\u00f6bb, mint 70 szervizpartnerrel dolgozunk egy\u00fctt. Orsz\u00e1gosan t\u00f6bbnyire m\u00e1rkaszervizekkel \u00e1llunk kapcsolatban. Amennyiben egy szerviz nem szerz\u0151d\u00f6tt partnere az adott m\u00e1rk\u00e1nak, el\u0151fordul, hogy a helyi illet\u00e9kes szervizt b\u00edzza meg a bevizsg\u00e1l\u00e1ssal, jav\u00edt\u00e1ssal.  <a href=\"https:\/\/service-coop.hu\/index.php\/services\/szervizhalozat\/#more-344\" class=\"more-link\"><span aria-label=\"B\u0151vebben: Szerv\u00edzh\u00e1l\u00f3zat\">(tov\u00e1bb&hellip;)<\/span><\/a><\/span><\/p>\n\t\t\t\t\t\t\t\t\t\t\t\t\t\t\t\t\t<\/div><!--.info-->\t\r\n\t\t\t\t\t\t\t<\/div>\r\n\t\t\t\t\t\t<\/div>\r\n\t\t\t\t\t\r\n\t\t\t\t\t\t\t\t\r\n\t<\/div><\/div><\/div><\/div><\/div><div id=\"pg-288-1\"  class=\"panel-grid panel-has-style\" ><div style=\"padding: 0px 0; \" data-overlay=\"true\" data-overlay-color=\"#000000\" class=\"panel-row-style panel-row-style-for-288-1\" ><div id=\"pgc-288-1-0\"  class=\"panel-grid-cell\" ><div id=\"panel-288-1-0-0\" class=\"so-panel widget widget_sow-editor panel-first-child panel-last-child\" data-index=\"1\" ><div style=\"text-align: left;\" data-title-color=\"#443f3f\" data-headings-color=\"#443f3f\" class=\"panel-widget-style panel-widget-style-for-288-1-0-0\" ><div\n\t\t\t\n\t\t\tclass=\"so-widget-sow-editor so-widget-sow-editor-base\"\n\t\t\t\n\t\t>\n<div class=\"siteorigin-widget-tinymce textwidget\">\n\t<p style=\"text-align: right;\"><em><strong><span style=\"font-family: verdana,geneva,sans-serif;\">B\u00edzom benne, hogy C\u00e9g\u00fcnk megismer\u00e9se ut\u00e1n hamarosan hossz\u00fa t\u00e1v\u00fa \u00e9s j\u00f3l m\u0171k\u00f6d\u0151 \u00fczleti kapcsolatba tudunk l\u00e9pni \u00d6n\u00f6kkel.<\/span><\/strong><\/em><\/p>\n<p style=\"text-align: right;\"><em><strong><span style=\"font-family: verdana,geneva,sans-serif;\">Tisztelettel:<\/span><\/strong><\/em><br \/>\n<em><strong><span style=\"font-family: verdana,geneva,sans-serif;\">Nov\u00e1kovics Ferenc<\/span><\/strong><\/em><br \/>\n<em><strong><span style=\"font-family: verdana,geneva,sans-serif;\">\u00fcgyvezet\u0151<\/span><\/strong><\/em><\/p>\n<\/div>\n<\/div><\/div><\/div><\/div><\/div><\/div><\/div>","protected":false},"excerpt":{"rendered":"<p>B&Atilde;&#402;&Acirc;&shy;zom benne, hogy C&Atilde;&#402;&Acirc;&copy;g&Atilde;&#402;&Acirc;&frac14;nk megismer&Atilde;&#402;&Acirc;&copy;se ut&Atilde;&#402;&Acirc;&iexcl;n hamarosan hossz&Atilde;&#402;&Acirc;&ordm; t&Atilde;&#402;&Acirc;&iexcl;v&Atilde;&#402;&Acirc;&ordm; &Atilde;&#402;&Acirc;&copy;s j&Atilde;&#402;&Acirc;&sup3;l m&Atilde;&#8230;&Acirc;&plusmn;k&Atilde;&#402;&Acirc;&para;d&Atilde;&#8230;&Acirc;&#8216; &Atilde;&#402;&Acirc;&frac14;zleti kapcsolatba tudunk l&Atilde;&#402;&Acirc;&copy;pni &Atilde;&#402;&Acirc;&#8211;n&Atilde;&#402;&Acirc;&para;kkel. Tisztelettel: Nov&Atilde;&#402;&Acirc;&iexcl;kovics Ferenc &Atilde;&#402;&Acirc;&frac14;gyvezet&Atilde;&#8230;&Acirc;&#8216;Estaba<\/p>\n","protected":false},"author":1,"featured_media":0,"parent":0,"menu_order":0,"comment_status":"closed","ping_status":"closed","template":"page-templates\/page_fullwidth.php","meta":[],"_links":{"self":[{"href":"https:\/\/service-coop.hu\/index.php\/wp-json\/wp\/v2\/pages\/288"}],"collection":[{"href":"https:\/\/service-coop.hu\/index.php\/wp-json\/wp\/v2\/pages"}],"about":[{"href":"https:\/\/service-coop.hu\/index.php\/wp-json\/wp\/v2\/types\/page"}],"author":[{"embeddable":true,"href":"https:\/\/service-coop.hu\/index.php\/wp-json\/wp\/v2\/users\/1"}],"replies":[{"embeddable":true,"href":"https:\/\/service-coop.hu\/index.php\/wp-json\/wp\/v2\/comments?post=288"}],"version-history":[{"count":214,"href":"https:\/\/service-coop.hu\/index.php\/wp-json\/wp\/v2\/pages\/288\/revisions"}],"predecessor-version":[{"id":2779,"href":"https:\/\/service-coop.hu\/index.php\/wp-json\/wp\/v2\/pages\/288\/revisions\/2779"}],"wp:attachment":[{"href":"https:\/\/service-coop.hu\/index.php\/wp-json\/wp\/v2\/media?parent=288"}],"curies":[{"name":"wp","href":"https:\/\/api.w.org\/{rel}","templated":true}]}}