{"id":27,"date":"2018-05-05T15:28:08","date_gmt":"2018-05-05T15:28:08","guid":{"rendered":"http:\/\/ews.digitalkey.hu\/?page_id=27"},"modified":"2019-01-12T08:31:41","modified_gmt":"2019-01-12T08:31:41","slug":"alkatresz-rendeles","status":"publish","type":"page","link":"https:\/\/service-coop.hu\/index.php\/alkatresz-rendeles\/","title":{"rendered":"Alkatr\u00e9sz rendel\u00e9s"},"content":{"rendered":"\n<p style=\"text-align:left\">Alkatr\u00e9sz\nrendel\u00e9s eset\u00e9n, a pontos beazonos\u00edt\u00e1s \u00e9rdek\u00e9ben k\u00e9rj\u00fck, hogy a g\u00e9pen vagy\nk\u00e9sz\u00fcl\u00e9ken tal\u00e1lhat\u00f3 adatt\u00e1bla valamint egy\u00e9b azonos\u00edt\u00f3 jelz\u00e9sr\u0151l \u00e9s amennyiben\nlehets\u00e9ges a hib\u00e1s alkatr\u00e9szr\u0151l sz\u00edveskedjenek az <a href=\"mailto:info@ewskft.hu\">info@ewskft.hu<\/a> c\u00edmre a megrendel\u00e9s sz\u00f6veg\u00e9vel\negy\u00fctt k\u00e9peket k\u00fcldeni. A k\u00e9pek m\u00e9rete \u00e9rj\u00fck, hogy ne legyen nagyobb 1MB\/db\n\u2013n\u00e1l. Alkatr\u00e9sz ir\u00e1nti \u00e9rdekl\u0151d\u00e9s vagy megrendel\u00e9s eset\u00e9n k\u00e9rj\u00fck, hogy\nsz\u00edveskedjenek megadni, hogy szem\u00e9lyes \u00e1tv\u00e9telt k\u00e9rnek vagy csomagk\u00e9nt k\u00e9rik az\nalkatr\u00e9szt.<\/p>\n\n\n\n<p>Amennyiben\ncsomagk\u00e9nt k\u00e9rik \u00e9s ut\u00e1nv\u00e9tellel szeretn\u00e9nek fizetni, a csomag k\u00fcld\u00e9s d\u00edja:\n4000 Ft + \u00e1fa minden esetben. Amennyiben csomagk\u00e9nt k\u00e9rik az alkatr\u00e9szt de\nel\u0151re utal\u00e1ssal szeretn\u00e9nek fizetni, k\u00e9rem jelezz\u00e9k, a csomag k\u00fcld\u00e9si d\u00edj ebben\naz esetben: 2500 Ft + \u00e1fa. K\u00e9rj\u00fck, hogy ak\u00e1r el\u0151re utal\u00e1sos fizet\u00e9st v\u00e1lasztj\u00e1k\nak\u00e1r az ut\u00e1nv\u00e9tellel t\u00f6rt\u00e9n\u0151 fizet\u00e9st v\u00e1lasztj\u00e1k minden esetben sz\u00edveskedjenek\nmegadni a pontos sz\u00e1ml\u00e1z\u00e1si \u00e9s csomagk\u00fcld\u00e9si nevet \u00e9s c\u00edmet. C\u00e9g eset\u00e9n k\u00e9rj\u00fck\naz ad\u00f3sz\u00e1mot is.<\/p>\n\n\n\n<p>A\nrendel\u00e9s menete: miut\u00e1n e-mailen megkaptuk a fenti adatokat, 2 munkanapon bel\u00fcl\n\u00e1raj\u00e1nlatot adunk az alkatr\u00e9szre, v\u00e1rhat\u00f3 be\u00e9rkez\u00e9si hat\u00e1rid\u0151vel, ez jellemz\u0151en\n3 \u00e9s 15 munkanap k\u00f6z\u00f6tt van. Amennyiben az \u00e1raj\u00e1nlatot visszaigazolja, int\u00e9zz\u00fck\na rendel\u00e9st.\n\nAlkatr\u00e9sz ir\u00e1nti \u00e9rdekl\u0151d\u00e9s, \u00e1raj\u00e1nlat k\u00e9r\u00e9s eset\u00e9n\nnem terhelj\u00fck azzal, hogy vissza\u00edrjuk, hogy k\u00f6sz\u00f6nettel megkaptuk a\nmegkeres\u00e9s\u00e9t \u00e9s koll\u00e9g\u00e1ink hamarosan feldolgozz\u00e1k a levelet \u00e9s v\u00e1laszolnak meg\negy\u00e9b hasonl\u00f3 \u00fczenetekkel, csak abban az esetben v\u00e1laszolunk hasonl\u00f3t, ha az\n\u00e1raj\u00e1nlat valamilyen okn\u00e1l fogva meghaladja a 2 munkanapot.\n\n\n\n<\/p>\n","protected":false},"excerpt":{"rendered":"<p>Alkatr\u00e9sz rendel\u00e9s eset\u00e9n, a pontos beazonos\u00edt\u00e1s \u00e9rdek\u00e9ben k\u00e9rj\u00fck, hogy a g\u00e9pen vagy k\u00e9sz\u00fcl\u00e9ken tal\u00e1lhat\u00f3 adatt\u00e1bla valamint egy\u00e9b azonos\u00edt\u00f3 jelz\u00e9sr\u0151l \u00e9s amennyiben lehets\u00e9ges [&hellip;]<\/p>\n","protected":false},"author":1,"featured_media":0,"parent":0,"menu_order":0,"comment_status":"closed","ping_status":"closed","template":"","meta":[],"_links":{"self":[{"href":"https:\/\/service-coop.hu\/index.php\/wp-json\/wp\/v2\/pages\/27"}],"collection":[{"href":"https:\/\/service-coop.hu\/index.php\/wp-json\/wp\/v2\/pages"}],"about":[{"href":"https:\/\/service-coop.hu\/index.php\/wp-json\/wp\/v2\/types\/page"}],"author":[{"embeddable":true,"href":"https:\/\/service-coop.hu\/index.php\/wp-json\/wp\/v2\/users\/1"}],"replies":[{"embeddable":true,"href":"https:\/\/service-coop.hu\/index.php\/wp-json\/wp\/v2\/comments?post=27"}],"version-history":[{"count":4,"href":"https:\/\/service-coop.hu\/index.php\/wp-json\/wp\/v2\/pages\/27\/revisions"}],"predecessor-version":[{"id":1022,"href":"https:\/\/service-coop.hu\/index.php\/wp-json\/wp\/v2\/pages\/27\/revisions\/1022"}],"wp:attachment":[{"href":"https:\/\/service-coop.hu\/index.php\/wp-json\/wp\/v2\/media?parent=27"}],"curies":[{"name":"wp","href":"https:\/\/api.w.org\/{rel}","templated":true}]}}