{"id":15,"date":"2018-05-05T15:25:37","date_gmt":"2018-05-05T15:25:37","guid":{"rendered":"http:\/\/ews.digitalkey.hu\/?page_id=15"},"modified":"2021-10-25T08:31:30","modified_gmt":"2021-10-25T08:31:30","slug":"cegadatok","status":"publish","type":"page","link":"https:\/\/service-coop.hu\/index.php\/cegadatok\/","title":{"rendered":"C\u00e9gadatok"},"content":{"rendered":"<div id=\"pl-15\"  class=\"panel-layout\" ><div id=\"pg-15-0\"  class=\"panel-grid panel-has-style\" ><div class=\"siteorigin-panels-stretch panel-row-style panel-row-style-for-15-0\" style=\"padding: 0px 0; \" data-stretch-type=\"full-stretched\" data-overlay=\"true\" data-overlay-color=\"#000000\" ><div id=\"pgc-15-0-0\"  class=\"panel-grid-cell\" ><div id=\"panel-15-0-0-0\" class=\"so-panel widget widget_sow-editor panel-first-child panel-last-child\" data-index=\"0\" ><div style=\"text-align: left;\" data-title-color=\"#443f3f\" data-headings-color=\"#443f3f\" class=\"panel-widget-style panel-widget-style-for-15-0-0-0\" ><div\n\t\t\t\n\t\t\tclass=\"so-widget-sow-editor so-widget-sow-editor-base\"\n\t\t\t\n\t\t>\n<div class=\"siteorigin-widget-tinymce textwidget\">\n\t<p><span style=\"font-family: verdana,geneva,sans-serif;\">C\u00e9g\u00fcnk orsz\u00e1gos szerviz- \u00e9s szolg\u00e1ltat\u00f3 h\u00e1l\u00f3zatot m\u0171k\u00f6dtet, b\u00edzunk benne, hogy hamarosan \u00d6nt is \u00fcgyfeleink k\u00f6z\u00f6tt \u00fcdv\u00f6z\u00f6lhetj\u00fck.<\/span><\/p>\n<p><span style=\"font-family: verdana,geneva,sans-serif;\">B\u00e1rmilyen jelleg\u0171 szolg\u00e1ltat\u00e1si ig\u00e9nnyel k\u00e9rj\u00fck, forduljon hozz\u00e1nk bizalommal, megkeres\u00e9s\u00e9re abban az esetben is v\u00e1laszolunk, ha esetleg nem tudunk seg\u00edteni!<\/span><\/p>\n<p><span style=\"font-family: verdana,geneva,sans-serif;\">Tov\u00e1bbi inform\u00e1ci\u00f3kat a men\u00fcpontokra kattintva tal\u00e1l.<\/span><\/p>\n<p><span style=\"font-family: verdana,geneva,sans-serif;\">B\u00e1rmelyik <a href=\"index.php\/elerhetoseg\/\">el\u00e9rhet\u0151s\u00e9g\u00fcnk\u00f6n<\/a> \u00e1llunk sz\u00edves rendelkez\u00e9s\u00e9re!<\/span><\/p>\n<p>C\u00e9gjegyz\u00e9k sz\u00e1m: Cg. 01-09-997646<br \/>\nAd\u00f3sz\u00e1m: 14225828-2-43<br \/>\nBanksz\u00e1mla sz\u00e1m: 10101322-09817600-01001001<\/p>\n<\/div>\n<\/div><\/div><\/div><\/div><div id=\"pgc-15-0-1\"  class=\"panel-grid-cell\" ><div id=\"panel-15-0-1-0\" class=\"so-panel widget panel-first-child panel-last-child\" data-index=\"1\" ><div style=\"text-align: center;\" data-title-color=\"#443f3f\" data-headings-color=\"#443f3f\" class=\"panel-widget-style panel-widget-style-for-15-0-1-0\" ><\/div><\/div><\/div><\/div><\/div><\/div>","protected":false},"excerpt":{"rendered":"<p>C\u00e9g\u00fcnk orsz\u00e1gos szerviz- \u00e9s szolg\u00e1ltat\u00f3 h\u00e1l\u00f3zatot m\u0171k\u00f6dtet, b\u00edzunk benne, hogy hamarosan \u00d6nt is \u00fcgyfeleink k\u00f6z\u00f6tt \u00fcdv\u00f6z\u00f6lhetj\u00fck. B\u00e1rmilyen jelleg\u0171 szolg\u00e1ltat\u00e1si ig\u00e9nnyel k\u00e9rj\u00fck, forduljon [&hellip;]<\/p>\n","protected":false},"author":1,"featured_media":0,"parent":0,"menu_order":0,"comment_status":"closed","ping_status":"closed","template":"","meta":[],"_links":{"self":[{"href":"https:\/\/service-coop.hu\/index.php\/wp-json\/wp\/v2\/pages\/15"}],"collection":[{"href":"https:\/\/service-coop.hu\/index.php\/wp-json\/wp\/v2\/pages"}],"about":[{"href":"https:\/\/service-coop.hu\/index.php\/wp-json\/wp\/v2\/types\/page"}],"author":[{"embeddable":true,"href":"https:\/\/service-coop.hu\/index.php\/wp-json\/wp\/v2\/users\/1"}],"replies":[{"embeddable":true,"href":"https:\/\/service-coop.hu\/index.php\/wp-json\/wp\/v2\/comments?post=15"}],"version-history":[{"count":31,"href":"https:\/\/service-coop.hu\/index.php\/wp-json\/wp\/v2\/pages\/15\/revisions"}],"predecessor-version":[{"id":32611,"href":"https:\/\/service-coop.hu\/index.php\/wp-json\/wp\/v2\/pages\/15\/revisions\/32611"}],"wp:attachment":[{"href":"https:\/\/service-coop.hu\/index.php\/wp-json\/wp\/v2\/media?parent=15"}],"curies":[{"name":"wp","href":"https:\/\/api.w.org\/{rel}","templated":true}]}}